{"id":225,"date":"2023-11-09T12:26:16","date_gmt":"2023-11-09T11:26:16","guid":{"rendered":"https:\/\/art-medical.fr\/?page_id=225"},"modified":"2023-11-29T09:11:38","modified_gmt":"2023-11-29T08:11:38","slug":"acceuil","status":"publish","type":"page","link":"https:\/\/art-medical.fr\/","title":{"rendered":"Accueil"},"content":{"rendered":"\n<div class=\"wp-block-cover\" style=\"min-height:352px;aspect-ratio:unset;\"><span aria-hidden=\"true\" class=\"wp-block-cover__background has-background-dim\"><\/span><img loading=\"lazy\" decoding=\"async\" width=\"1920\" height=\"608\" class=\"wp-block-cover__image-background wp-image-257\" alt=\"\" src=\"https:\/\/art-medical.fr\/wp-content\/uploads\/2023\/11\/BANNIERE-1.jpg\" data-object-fit=\"cover\" srcset=\"https:\/\/art-medical.fr\/wp-content\/uploads\/2023\/11\/BANNIERE-1.jpg 1920w, https:\/\/art-medical.fr\/wp-content\/uploads\/2023\/11\/BANNIERE-1-300x95.jpg 300w, https:\/\/art-medical.fr\/wp-content\/uploads\/2023\/11\/BANNIERE-1-1024x324.jpg 1024w, https:\/\/art-medical.fr\/wp-content\/uploads\/2023\/11\/BANNIERE-1-768x243.jpg 768w, https:\/\/art-medical.fr\/wp-content\/uploads\/2023\/11\/BANNIERE-1-1536x486.jpg 1536w\" sizes=\"auto, (max-width: 1920px) 100vw, 1920px\" \/><div class=\"wp-block-cover__inner-container is-layout-constrained wp-block-cover-is-layout-constrained\">\n<p class=\"has-text-align-center\" style=\"font-size:82px\"><strong>\u00c9ric Josi\u00e9<\/strong><\/p>\n<\/div><\/div>\n\n\n\n<p class=\"has-text-align-center has-small-font-size\">Illustrateur sp\u00e9cialis\u00e9 dans le domaine m\u00e9dical, je vous propose mon exp\u00e9rience pour illustrer vos articles et ouvrages.<br>Je vous invite \u00e0 d\u00e9couvrir mon travail et mes domaines de comp\u00e9tences.<\/p>\n\n\n\n<div class=\"wp-block-columns is-layout-flex wp-container-core-columns-is-layout-9d6595d7 wp-block-columns-is-layout-flex\">\n<div class=\"wp-block-column is-layout-flow wp-block-column-is-layout-flow\">\n<div class=\"wp-block-buttons is-layout-flex wp-block-buttons-is-layout-flex\">\n<div class=\"wp-block-button\"><a class=\"wp-block-button__link wp-element-button\" href=\"https:\/\/art-medical.fr\/?page_id=229\">Anatomie<\/a><\/div>\n<\/div>\n\n\n\n<figure class=\"wp-block-image size-large is-resized\"><img loading=\"lazy\" decoding=\"async\" width=\"770\" height=\"1024\" src=\"https:\/\/art-medical.fr\/wp-content\/uploads\/2023\/11\/muscle-tete-face-femme-2-770x1024.jpg\" alt=\"\" class=\"wp-image-377\" style=\"width:131px;height:auto\" srcset=\"https:\/\/art-medical.fr\/wp-content\/uploads\/2023\/11\/muscle-tete-face-femme-2-770x1024.jpg 770w, https:\/\/art-medical.fr\/wp-content\/uploads\/2023\/11\/muscle-tete-face-femme-2-226x300.jpg 226w, https:\/\/art-medical.fr\/wp-content\/uploads\/2023\/11\/muscle-tete-face-femme-2-768x1021.jpg 768w, https:\/\/art-medical.fr\/wp-content\/uploads\/2023\/11\/muscle-tete-face-femme-2.jpg 787w\" sizes=\"auto, (max-width: 770px) 100vw, 770px\" \/><\/figure>\n<\/div>\n\n\n\n<div class=\"wp-block-column is-layout-flow wp-block-column-is-layout-flow\">\n<div class=\"wp-block-buttons is-layout-flex wp-block-buttons-is-layout-flex\">\n<div class=\"wp-block-button\"><a class=\"wp-block-button__link wp-element-button\" href=\"https:\/\/art-medical.fr\/?page_id=231\">Chirurgie<\/a><\/div>\n<\/div>\n\n\n\n<figure class=\"wp-block-image size-large is-resized\"><img loading=\"lazy\" decoding=\"async\" width=\"1024\" height=\"853\" src=\"https:\/\/art-medical.fr\/wp-content\/uploads\/2023\/11\/intervention-coeur2-1-1024x853.jpg\" alt=\"\" class=\"wp-image-378\" style=\"width:210px;height:auto\" srcset=\"https:\/\/art-medical.fr\/wp-content\/uploads\/2023\/11\/intervention-coeur2-1-1024x853.jpg 1024w, https:\/\/art-medical.fr\/wp-content\/uploads\/2023\/11\/intervention-coeur2-1-300x250.jpg 300w, https:\/\/art-medical.fr\/wp-content\/uploads\/2023\/11\/intervention-coeur2-1-768x640.jpg 768w, https:\/\/art-medical.fr\/wp-content\/uploads\/2023\/11\/intervention-coeur2-1.jpg 1064w\" sizes=\"auto, (max-width: 1024px) 100vw, 1024px\" \/><\/figure>\n<\/div>\n\n\n\n<div class=\"wp-block-column is-layout-flow wp-block-column-is-layout-flow\">\n<div class=\"wp-block-buttons is-layout-flex wp-block-buttons-is-layout-flex\">\n<div class=\"wp-block-button\"><a class=\"wp-block-button__link wp-element-button\" href=\"https:\/\/art-medical.fr\/?page_id=237\">\u00c9ditions<\/a><\/div>\n<\/div>\n\n\n\n<figure class=\"wp-block-image size-large is-resized\"><img loading=\"lazy\" decoding=\"async\" width=\"1024\" height=\"838\" src=\"https:\/\/art-medical.fr\/wp-content\/uploads\/2023\/11\/85.-nerfs-et-organe-vestibulo-cochleaire-1024x838.jpg\" alt=\"\" class=\"wp-image-380\" style=\"width:225px;height:auto\" srcset=\"https:\/\/art-medical.fr\/wp-content\/uploads\/2023\/11\/85.-nerfs-et-organe-vestibulo-cochleaire-1024x838.jpg 1024w, https:\/\/art-medical.fr\/wp-content\/uploads\/2023\/11\/85.-nerfs-et-organe-vestibulo-cochleaire-300x245.jpg 300w, https:\/\/art-medical.fr\/wp-content\/uploads\/2023\/11\/85.-nerfs-et-organe-vestibulo-cochleaire-768x628.jpg 768w, https:\/\/art-medical.fr\/wp-content\/uploads\/2023\/11\/85.-nerfs-et-organe-vestibulo-cochleaire-1536x1256.jpg 1536w, https:\/\/art-medical.fr\/wp-content\/uploads\/2023\/11\/85.-nerfs-et-organe-vestibulo-cochleaire-2048x1675.jpg 2048w\" sizes=\"auto, (max-width: 1024px) 100vw, 1024px\" \/><\/figure>\n<\/div>\n<\/div>\n\n\n\n<div class=\"wp-block-columns is-layout-flex wp-container-core-columns-is-layout-9d6595d7 wp-block-columns-is-layout-flex\">\n<div class=\"wp-block-column is-layout-flow wp-block-column-is-layout-flow\">\n<div class=\"wp-block-buttons is-layout-flex wp-block-buttons-is-layout-flex\">\n<div class=\"wp-block-button\"><a class=\"wp-block-button__link wp-element-button\" href=\"https:\/\/art-medical.fr\/?page_id=235\">Chirurgie faciale<\/a><\/div>\n<\/div>\n\n\n\n<figure class=\"wp-block-image size-large is-resized\"><img loading=\"lazy\" decoding=\"async\" width=\"1024\" height=\"710\" src=\"https:\/\/art-medical.fr\/wp-content\/uploads\/2023\/11\/chirurgie-levres-2-1024x710.jpg\" alt=\"\" class=\"wp-image-382\" style=\"width:269px;height:auto\" srcset=\"https:\/\/art-medical.fr\/wp-content\/uploads\/2023\/11\/chirurgie-levres-2-1024x710.jpg 1024w, https:\/\/art-medical.fr\/wp-content\/uploads\/2023\/11\/chirurgie-levres-2-300x208.jpg 300w, https:\/\/art-medical.fr\/wp-content\/uploads\/2023\/11\/chirurgie-levres-2-768x533.jpg 768w, https:\/\/art-medical.fr\/wp-content\/uploads\/2023\/11\/chirurgie-levres-2-1536x1065.jpg 1536w, https:\/\/art-medical.fr\/wp-content\/uploads\/2023\/11\/chirurgie-levres-2-2048x1420.jpg 2048w\" sizes=\"auto, (max-width: 1024px) 100vw, 1024px\" \/><\/figure>\n<\/div>\n\n\n\n<div class=\"wp-block-column is-layout-flow wp-block-column-is-layout-flow\">\n<div class=\"wp-block-buttons is-layout-flex wp-block-buttons-is-layout-flex\">\n<div class=\"wp-block-button\"><a class=\"wp-block-button__link wp-element-button\" href=\"https:\/\/art-medical.fr\/?page_id=233\">Orthop\u00e9die<\/a><\/div>\n<\/div>\n\n\n\n<figure class=\"wp-block-image size-large is-resized\"><img loading=\"lazy\" decoding=\"async\" width=\"642\" height=\"1024\" src=\"https:\/\/art-medical.fr\/wp-content\/uploads\/2023\/11\/chir-hanche-3-2-642x1024.jpg\" alt=\"\" class=\"wp-image-383\" style=\"width:124px;height:auto\" srcset=\"https:\/\/art-medical.fr\/wp-content\/uploads\/2023\/11\/chir-hanche-3-2-642x1024.jpg 642w, https:\/\/art-medical.fr\/wp-content\/uploads\/2023\/11\/chir-hanche-3-2-188x300.jpg 188w, https:\/\/art-medical.fr\/wp-content\/uploads\/2023\/11\/chir-hanche-3-2-768x1226.jpg 768w, https:\/\/art-medical.fr\/wp-content\/uploads\/2023\/11\/chir-hanche-3-2-962x1536.jpg 962w, https:\/\/art-medical.fr\/wp-content\/uploads\/2023\/11\/chir-hanche-3-2-1283x2048.jpg 1283w, https:\/\/art-medical.fr\/wp-content\/uploads\/2023\/11\/chir-hanche-3-2.jpg 1406w\" sizes=\"auto, (max-width: 642px) 100vw, 642px\" \/><\/figure>\n<\/div>\n\n\n\n<div class=\"wp-block-column is-layout-flow wp-block-column-is-layout-flow\"><\/div>\n<\/div>\n","protected":false},"excerpt":{"rendered":"<p>Illustrateur sp\u00e9cialis\u00e9 dans le domaine m\u00e9dical, je vous propose mon exp\u00e9rience pour illustrer vos articles et ouvrages.Je vous invite \u00e0 d\u00e9couvrir mon travail et mes domaines de comp\u00e9tences.<\/p>\n","protected":false},"author":1,"featured_media":0,"parent":0,"menu_order":0,"comment_status":"closed","ping_status":"closed","template":"","meta":{"_kad_post_transparent":"","_kad_post_title":"","_kad_post_layout":"","_kad_post_sidebar_id":"","_kad_post_content_style":"","_kad_post_vertical_padding":"","_kad_post_feature":"","_kad_post_feature_position":"","_kad_post_header":false,"_kad_post_footer":false,"_kad_post_classname":"","footnotes":""},"class_list":["post-225","page","type-page","status-publish","hentry"],"_links":{"self":[{"href":"https:\/\/art-medical.fr\/index.php?rest_route=\/wp\/v2\/pages\/225","targetHints":{"allow":["GET"]}}],"collection":[{"href":"https:\/\/art-medical.fr\/index.php?rest_route=\/wp\/v2\/pages"}],"about":[{"href":"https:\/\/art-medical.fr\/index.php?rest_route=\/wp\/v2\/types\/page"}],"author":[{"embeddable":true,"href":"https:\/\/art-medical.fr\/index.php?rest_route=\/wp\/v2\/users\/1"}],"replies":[{"embeddable":true,"href":"https:\/\/art-medical.fr\/index.php?rest_route=%2Fwp%2Fv2%2Fcomments&post=225"}],"version-history":[{"count":8,"href":"https:\/\/art-medical.fr\/index.php?rest_route=\/wp\/v2\/pages\/225\/revisions"}],"predecessor-version":[{"id":558,"href":"https:\/\/art-medical.fr\/index.php?rest_route=\/wp\/v2\/pages\/225\/revisions\/558"}],"wp:attachment":[{"href":"https:\/\/art-medical.fr\/index.php?rest_route=%2Fwp%2Fv2%2Fmedia&parent=225"}],"curies":[{"name":"wp","href":"https:\/\/api.w.org\/{rel}","templated":true}]}}