{"id":237,"date":"2023-11-09T12:28:56","date_gmt":"2023-11-09T11:28:56","guid":{"rendered":"https:\/\/art-medical.fr\/?page_id=237"},"modified":"2023-11-14T09:40:32","modified_gmt":"2023-11-14T08:40:32","slug":"projet-edition","status":"publish","type":"page","link":"https:\/\/art-medical.fr\/?page_id=237","title":{"rendered":"\u00c9dition"},"content":{"rendered":"\n<div class=\"wp-block-cover has-parallax\" style=\"min-height:223px;aspect-ratio:unset;\"><span aria-hidden=\"true\" class=\"wp-block-cover__background has-background-dim\"><\/span><div role=\"img\" class=\"wp-block-cover__image-background wp-image-439 has-parallax\" style=\"background-position:50% 50%;background-image:url(https:\/\/art-medical.fr\/wp-content\/uploads\/2023\/11\/banniere-edition.jpg)\"><\/div><div class=\"wp-block-cover__inner-container is-layout-constrained wp-block-cover-is-layout-constrained\">\n<p class=\"has-text-align-center has-theme-palette-4-color has-text-color has-link-color has-larger-font-size wp-elements-9b4ac6c4886670938a009aafaf8a1f2f\"><\/p>\n<\/div><\/div>\n\n\n\n<div class=\"wp-block-columns is-layout-flex wp-container-core-columns-is-layout-9d6595d7 wp-block-columns-is-layout-flex\">\n<div class=\"wp-block-column is-layout-flow wp-block-column-is-layout-flow\"><div class=\"wp-block-image\">\n<figure class=\"aligncenter size-large is-resized\"><img loading=\"lazy\" decoding=\"async\" width=\"1024\" height=\"975\" src=\"https:\/\/art-medical.fr\/wp-content\/uploads\/2023\/11\/Bernadette-De-Gasquet-1024x975.jpg\" alt=\"\" class=\"wp-image-386\" style=\"width:821px;height:auto\" srcset=\"https:\/\/art-medical.fr\/wp-content\/uploads\/2023\/11\/Bernadette-De-Gasquet-1024x975.jpg 1024w, https:\/\/art-medical.fr\/wp-content\/uploads\/2023\/11\/Bernadette-De-Gasquet-300x286.jpg 300w, https:\/\/art-medical.fr\/wp-content\/uploads\/2023\/11\/Bernadette-De-Gasquet-768x731.jpg 768w, https:\/\/art-medical.fr\/wp-content\/uploads\/2023\/11\/Bernadette-De-Gasquet-1536x1463.jpg 1536w, https:\/\/art-medical.fr\/wp-content\/uploads\/2023\/11\/Bernadette-De-Gasquet-2048x1951.jpg 2048w\" sizes=\"auto, (max-width: 1024px) 100vw, 1024px\" \/><figcaption class=\"wp-element-caption\">Les bonnes fa\u00e7ons de bouger.Aujourd&#8217;hui, le running est pr\u00e9sent\u00e9 comme LE sport&nbsp;\u00e0 pratiquer pour \u00eatre en bonne forme physique. Mais il y a&nbsp;des gens \u00ab faits pour courir \u00bb, et d&#8217;autres pas. Et quand on&nbsp;pousse ces derniers \u00e0 courir, les effets n\u00e9fastes, parfois&nbsp;graves, l&#8217;emportent sur les fabuleux b\u00e9n\u00e9fices promis.Dans ce nouveau livre, Bernadette de Gasquet nous&nbsp;lib\u00e8re des diktats !Elle nous pr\u00e9sente toutes les \u00ab bonnes fa\u00e7ons de bouger \u00bb,&nbsp;du yoga au v\u00e9lo en passant par la marche, la danse ou la gym&nbsp;\u00e0 la maison, pour b\u00e9n\u00e9ficier d&#8217;une mobilit\u00e9 bienfaisante, de&nbsp;fa\u00e7on permanente, au quotidien et \u00e0 tout \u00e2ge.<\/figcaption><\/figure>\n<\/div>\n\n<div class=\"wp-block-image\">\n<figure class=\"aligncenter size-large is-resized\"><img loading=\"lazy\" decoding=\"async\" width=\"1024\" height=\"901\" src=\"https:\/\/art-medical.fr\/wp-content\/uploads\/2023\/11\/miction-impossible-1024x901.jpg\" alt=\"\" class=\"wp-image-390\" style=\"width:857px;height:auto\" srcset=\"https:\/\/art-medical.fr\/wp-content\/uploads\/2023\/11\/miction-impossible-1024x901.jpg 1024w, https:\/\/art-medical.fr\/wp-content\/uploads\/2023\/11\/miction-impossible-300x264.jpg 300w, https:\/\/art-medical.fr\/wp-content\/uploads\/2023\/11\/miction-impossible-768x675.jpg 768w, https:\/\/art-medical.fr\/wp-content\/uploads\/2023\/11\/miction-impossible-1536x1351.jpg 1536w, https:\/\/art-medical.fr\/wp-content\/uploads\/2023\/11\/miction-impossible-2048x1801.jpg 2048w\" sizes=\"auto, (max-width: 1024px) 100vw, 1024px\" \/><figcaption class=\"wp-element-caption\">Les reins sont les organes les plus discrets qui soient. Pourtant, lorsqu&#8217;un grain de sable se met dans les rouages, et que ses fonctions d&#8217;\u00e9limination sont perturb\u00e9es, la qu\u00eate permanente d&#8217;une vespasienne fr\u00e9quentable, la peur d&#8217;une fuite ou la transformation de la liqueur dor\u00e9e en feu du rasoir peut nous rendre la vie impossible. Si, d&#8217;aventure, des cailloux se mettent en travers du chemin de nos tuyaux bien huil\u00e9s, la douleur est indescriptible.Les pouvoirs cach\u00e9s de nos reins les rendent indispensables pour le maintien de bien des fonctions physiologiques essentielles mal connues du grand public. Dans cet ouvrage, le Pr Corinne Isnard Bagnis nous pr\u00e9sente le fonctionnement de ces organes, les maladies qui les touchent, ainsi que les options pour les soigner.<\/figcaption><\/figure>\n<\/div><\/div>\n<\/div>\n\n\n<div class=\"wp-block-image\">\n<figure class=\"aligncenter size-large is-resized\"><img loading=\"lazy\" decoding=\"async\" width=\"1024\" height=\"964\" src=\"https:\/\/art-medical.fr\/wp-content\/uploads\/2023\/11\/que-faire-face-alzeihmer-1024x964.jpg\" alt=\"\" class=\"wp-image-392\" style=\"width:969px;height:auto\" srcset=\"https:\/\/art-medical.fr\/wp-content\/uploads\/2023\/11\/que-faire-face-alzeihmer-1024x964.jpg 1024w, https:\/\/art-medical.fr\/wp-content\/uploads\/2023\/11\/que-faire-face-alzeihmer-300x282.jpg 300w, https:\/\/art-medical.fr\/wp-content\/uploads\/2023\/11\/que-faire-face-alzeihmer-768x723.jpg 768w, https:\/\/art-medical.fr\/wp-content\/uploads\/2023\/11\/que-faire-face-alzeihmer-1536x1445.jpg 1536w, https:\/\/art-medical.fr\/wp-content\/uploads\/2023\/11\/que-faire-face-alzeihmer-2048x1927.jpg 2048w\" sizes=\"auto, (max-width: 1024px) 100vw, 1024px\" \/><figcaption class=\"wp-element-caption\">Avec pr\u00e8s de 225 000 nouveaux cas diagnostiqu\u00e9s chaque ann\u00e9e, et alors que les scandales se succ\u00e8dent sur le traitement des malades, Alzheimer fait peur.Mais est-ce une fatalit\u00e9 ? Les malades d&#8217;Alzheimer sont-ils des cas d\u00e9sesp\u00e9r\u00e9s ? Quand la m\u00e9moire est atteinte, est-ce que tout est perdu ?Depuis 30 ans qu&#8217;elle accompagne avec passion et tendresse ses malades, le Dr V\u00e9ronique Lefebvre des No\u00ebttes est convaincue que non.Elle lance un cri du coeur pour que notre soci\u00e9t\u00e9 cesse de d\u00e9laisser les malades et nous montre comment on peut gagner des ann\u00e9es de vie en bonne sant\u00e9. Sans jamais oublier les familles ni l&#8217;humanit\u00e9 de ces personnes vuln\u00e9rables, elle nous offre une description claire de la maladie et du parcours de soins, pour sortir des id\u00e9es re\u00e7ues<\/figcaption><\/figure>\n<\/div>\n\n<div class=\"wp-block-image\">\n<figure class=\"aligncenter size-large is-resized\"><img loading=\"lazy\" decoding=\"async\" width=\"1005\" height=\"1024\" src=\"http:\/\/art-medical.fr\/wp-content\/uploads\/2023\/11\/milliard-de-battements-1005x1024.jpg\" alt=\"\" class=\"wp-image-442\" style=\"width:771px;height:auto\" srcset=\"https:\/\/art-medical.fr\/wp-content\/uploads\/2023\/11\/milliard-de-battements-1005x1024.jpg 1005w, https:\/\/art-medical.fr\/wp-content\/uploads\/2023\/11\/milliard-de-battements-294x300.jpg 294w, https:\/\/art-medical.fr\/wp-content\/uploads\/2023\/11\/milliard-de-battements-768x783.jpg 768w, https:\/\/art-medical.fr\/wp-content\/uploads\/2023\/11\/milliard-de-battements-1507x1536.jpg 1507w, https:\/\/art-medical.fr\/wp-content\/uploads\/2023\/11\/milliard-de-battements-2010x2048.jpg 2010w\" sizes=\"auto, (max-width: 1005px) 100vw, 1005px\" \/><figcaption class=\"wp-element-caption\">Le Dr Emmanuelle Berthelot nous explique le fonctionnement du c\u0153ur en suivant l&#8217;histoire de Catherine, une femme atteinte d&#8217;une maladie cardiaque. Elle nous emm\u00e8ne \u00e0 la d\u00e9couverte de cet organe fascinant : de son fonctionnement normal \u00e0 ses pathologies, sa formation, ses interactions avec les autres organes. Cet ouvrage nous d\u00e9voile la vie secr\u00e8te de ce muscle extraordinaire et nous explique comment en prendre soin.<\/figcaption><\/figure>\n<\/div>\n\n\n<div class=\"wp-block-columns is-layout-flex wp-container-core-columns-is-layout-9d6595d7 wp-block-columns-is-layout-flex\">\n<div class=\"wp-block-column is-layout-flow wp-block-column-is-layout-flow\"><div class=\"wp-block-image\">\n<figure class=\"aligncenter size-large\"><img loading=\"lazy\" decoding=\"async\" width=\"1024\" height=\"205\" src=\"https:\/\/art-medical.fr\/wp-content\/uploads\/2023\/11\/livres-1024x205.jpg\" alt=\"\" class=\"wp-image-512\" srcset=\"https:\/\/art-medical.fr\/wp-content\/uploads\/2023\/11\/livres-1024x205.jpg 1024w, https:\/\/art-medical.fr\/wp-content\/uploads\/2023\/11\/livres-300x60.jpg 300w, https:\/\/art-medical.fr\/wp-content\/uploads\/2023\/11\/livres-768x153.jpg 768w, https:\/\/art-medical.fr\/wp-content\/uploads\/2023\/11\/livres.jpg 1156w\" sizes=\"auto, (max-width: 1024px) 100vw, 1024px\" \/><figcaption class=\"wp-element-caption\">Autres parutions aux \u00e9ditions du Rocher, Marabout et Hachette.<\/figcaption><\/figure>\n<\/div><\/div>\n<\/div>\n","protected":false},"excerpt":{"rendered":"","protected":false},"author":1,"featured_media":0,"parent":0,"menu_order":0,"comment_status":"closed","ping_status":"closed","template":"","meta":{"_kad_post_transparent":"","_kad_post_title":"","_kad_post_layout":"","_kad_post_sidebar_id":"","_kad_post_content_style":"","_kad_post_vertical_padding":"","_kad_post_feature":"","_kad_post_feature_position":"","_kad_post_header":false,"_kad_post_footer":false,"_kad_post_classname":"","footnotes":""},"class_list":["post-237","page","type-page","status-publish","hentry"],"_links":{"self":[{"href":"https:\/\/art-medical.fr\/index.php?rest_route=\/wp\/v2\/pages\/237","targetHints":{"allow":["GET"]}}],"collection":[{"href":"https:\/\/art-medical.fr\/index.php?rest_route=\/wp\/v2\/pages"}],"about":[{"href":"https:\/\/art-medical.fr\/index.php?rest_route=\/wp\/v2\/types\/page"}],"author":[{"embeddable":true,"href":"https:\/\/art-medical.fr\/index.php?rest_route=\/wp\/v2\/users\/1"}],"replies":[{"embeddable":true,"href":"https:\/\/art-medical.fr\/index.php?rest_route=%2Fwp%2Fv2%2Fcomments&post=237"}],"version-history":[{"count":17,"href":"https:\/\/art-medical.fr\/index.php?rest_route=\/wp\/v2\/pages\/237\/revisions"}],"predecessor-version":[{"id":516,"href":"https:\/\/art-medical.fr\/index.php?rest_route=\/wp\/v2\/pages\/237\/revisions\/516"}],"wp:attachment":[{"href":"https:\/\/art-medical.fr\/index.php?rest_route=%2Fwp%2Fv2%2Fmedia&parent=237"}],"curies":[{"name":"wp","href":"https:\/\/api.w.org\/{rel}","templated":true}]}}