{"id":239,"date":"2023-11-09T12:29:57","date_gmt":"2023-11-09T11:29:57","guid":{"rendered":"https:\/\/art-medical.fr\/?page_id=239"},"modified":"2023-11-14T08:21:23","modified_gmt":"2023-11-14T07:21:23","slug":"a-propos","status":"publish","type":"page","link":"https:\/\/art-medical.fr\/?page_id=239","title":{"rendered":"A propos"},"content":{"rendered":"\n<div class=\"wp-block-cover is-light\" style=\"min-height:388px;aspect-ratio:unset;\"><span aria-hidden=\"true\" class=\"wp-block-cover__background has-background-dim-0 has-background-dim\"><\/span><img loading=\"lazy\" decoding=\"async\" width=\"1692\" height=\"744\" class=\"wp-block-cover__image-background wp-image-460\" alt=\"\" src=\"https:\/\/art-medical.fr\/wp-content\/uploads\/2023\/11\/composition2.jpg\" data-object-fit=\"cover\" srcset=\"https:\/\/art-medical.fr\/wp-content\/uploads\/2023\/11\/composition2.jpg 1692w, https:\/\/art-medical.fr\/wp-content\/uploads\/2023\/11\/composition2-300x132.jpg 300w, https:\/\/art-medical.fr\/wp-content\/uploads\/2023\/11\/composition2-1024x450.jpg 1024w, https:\/\/art-medical.fr\/wp-content\/uploads\/2023\/11\/composition2-768x338.jpg 768w, https:\/\/art-medical.fr\/wp-content\/uploads\/2023\/11\/composition2-1536x675.jpg 1536w\" sizes=\"auto, (max-width: 1692px) 100vw, 1692px\" \/><div class=\"wp-block-cover__inner-container is-layout-constrained wp-block-cover-is-layout-constrained\">\n<p class=\"has-text-align-center has-large-font-size\"><\/p>\n<\/div><\/div>\n\n\n\n<p>Illustrateur freelance sp\u00e9cialis\u00e9 dans le domaine m\u00e9dical depuis 20 ans, je travaille essentiellement pour le secteur de l\u2019\u00e9dition m\u00e9dical ou bien avec des h\u00f4pitaux, des fondations et des acad\u00e9mies de recherche.<\/p>\n\n\n\n<p>J\u2019illustre des articles ou des livres en travaillant en collaboration avec les professionnels m\u00e9dicaux pluridisciplinaires (professeur, chirurgien, m\u00e9decin, v\u00e9t\u00e9rinaire\u2026).<\/p>\n\n\n\n<p>Ces Illustrations sont r\u00e9alis\u00e9es \u00e0 partir d\u2019un visuel de r\u00e9f\u00e9rence transmis par l\u2019auteur ou le service iconographique. Elles sont compl\u00e9t\u00e9es par les informations anatomiques pr\u00e9sentes dans le Netter ou le Sobota sur lesquels je m\u2019appuie pour restituer la justesse anatomique. J\u2019adapte ensuite mon style graphique aux sujets pour r\u00e9aliser une illustration originale.<\/p>\n\n\n\n<p>L\u2019auteur me communique ses \u00e9ventuelles corrections et transmet ensuite les figures corrig\u00e9es au format EPS en CJMN, 300dpi.<\/p>\n\n\n\n<p>Convaincu de vous apporter la qualit\u00e9 attendue dans les d\u00e9lais impartis, j\u2019esp\u00e8re avoir l\u2019opportunit\u00e9 de collaborer et participer \u00e0 l\u2019\u00e9laboration de vos projets.<\/p>\n\n\n\n<div class=\"wp-block-columns is-layout-flex wp-container-core-columns-is-layout-9d6595d7 wp-block-columns-is-layout-flex\"><\/div>\n","protected":false},"excerpt":{"rendered":"<p>Illustrateur freelance sp\u00e9cialis\u00e9 dans le domaine m\u00e9dical depuis 20 ans, je travaille essentiellement pour le secteur de l\u2019\u00e9dition m\u00e9dical ou bien avec des h\u00f4pitaux, des fondations et des acad\u00e9mies de recherche. J\u2019illustre des articles ou des livres en travaillant en collaboration avec les professionnels m\u00e9dicaux pluridisciplinaires (professeur, chirurgien, m\u00e9decin, v\u00e9t\u00e9rinaire\u2026). Ces Illustrations sont r\u00e9alis\u00e9es \u00e0&#8230;<\/p>\n","protected":false},"author":1,"featured_media":0,"parent":0,"menu_order":0,"comment_status":"closed","ping_status":"closed","template":"","meta":{"_kad_post_transparent":"","_kad_post_title":"","_kad_post_layout":"","_kad_post_sidebar_id":"","_kad_post_content_style":"","_kad_post_vertical_padding":"","_kad_post_feature":"","_kad_post_feature_position":"","_kad_post_header":false,"_kad_post_footer":false,"_kad_post_classname":"","footnotes":""},"class_list":["post-239","page","type-page","status-publish","hentry"],"_links":{"self":[{"href":"https:\/\/art-medical.fr\/index.php?rest_route=\/wp\/v2\/pages\/239","targetHints":{"allow":["GET"]}}],"collection":[{"href":"https:\/\/art-medical.fr\/index.php?rest_route=\/wp\/v2\/pages"}],"about":[{"href":"https:\/\/art-medical.fr\/index.php?rest_route=\/wp\/v2\/types\/page"}],"author":[{"embeddable":true,"href":"https:\/\/art-medical.fr\/index.php?rest_route=\/wp\/v2\/users\/1"}],"replies":[{"embeddable":true,"href":"https:\/\/art-medical.fr\/index.php?rest_route=%2Fwp%2Fv2%2Fcomments&post=239"}],"version-history":[{"count":8,"href":"https:\/\/art-medical.fr\/index.php?rest_route=\/wp\/v2\/pages\/239\/revisions"}],"predecessor-version":[{"id":511,"href":"https:\/\/art-medical.fr\/index.php?rest_route=\/wp\/v2\/pages\/239\/revisions\/511"}],"wp:attachment":[{"href":"https:\/\/art-medical.fr\/index.php?rest_route=%2Fwp%2Fv2%2Fmedia&parent=239"}],"curies":[{"name":"wp","href":"https:\/\/api.w.org\/{rel}","templated":true}]}}