{"id":490,"date":"2023-11-10T11:39:03","date_gmt":"2023-11-10T10:39:03","guid":{"rendered":"https:\/\/art-medical.fr\/?page_id=490"},"modified":"2023-11-14T09:40:28","modified_gmt":"2023-11-14T08:40:28","slug":"parutions","status":"publish","type":"page","link":"https:\/\/art-medical.fr\/?page_id=490","title":{"rendered":"Parutions"},"content":{"rendered":"\n<div class=\"wp-block-cover is-light has-parallax\" style=\"min-height:289px;aspect-ratio:unset;\"><span aria-hidden=\"true\" class=\"wp-block-cover__background has-background-dim-0 has-background-dim\"><\/span><div role=\"img\" class=\"wp-block-cover__image-background wp-image-497 has-parallax\" style=\"background-position:50% 50%;background-image:url(https:\/\/art-medical.fr\/wp-content\/uploads\/2023\/11\/fond-ecran-DGSA.jpg)\"><\/div><div class=\"wp-block-cover__inner-container is-layout-constrained wp-block-cover-is-layout-constrained\">\n<p class=\"has-text-align-center has-large-font-size\"><\/p>\n<\/div><\/div>\n\n\n<div class=\"wp-block-image\">\n<figure data-wp-context=\"{&quot;imageId&quot;:&quot;69ddc5088ad98&quot;}\" data-wp-interactive=\"core\/image\" data-wp-key=\"69ddc5088ad98\" class=\"aligncenter size-large wp-lightbox-container\"><img loading=\"lazy\" decoding=\"async\" width=\"721\" height=\"1024\" data-wp-class--hide=\"state.isContentHidden\" data-wp-class--show=\"state.isContentVisible\" data-wp-init=\"callbacks.setButtonStyles\" data-wp-on--click=\"actions.showLightbox\" data-wp-on--load=\"callbacks.setButtonStyles\" data-wp-on-window--resize=\"callbacks.setButtonStyles\" src=\"https:\/\/art-medical.fr\/wp-content\/uploads\/2023\/11\/dgsa-academy2-721x1024.jpg\" alt=\"\" class=\"wp-image-500\" srcset=\"https:\/\/art-medical.fr\/wp-content\/uploads\/2023\/11\/dgsa-academy2-721x1024.jpg 721w, https:\/\/art-medical.fr\/wp-content\/uploads\/2023\/11\/dgsa-academy2-211x300.jpg 211w, https:\/\/art-medical.fr\/wp-content\/uploads\/2023\/11\/dgsa-academy2-768x1090.jpg 768w, https:\/\/art-medical.fr\/wp-content\/uploads\/2023\/11\/dgsa-academy2-1082x1536.jpg 1082w, https:\/\/art-medical.fr\/wp-content\/uploads\/2023\/11\/dgsa-academy2.jpg 1158w\" sizes=\"auto, (max-width: 721px) 100vw, 721px\" \/><button\n\t\t\tclass=\"lightbox-trigger\"\n\t\t\ttype=\"button\"\n\t\t\taria-haspopup=\"dialog\"\n\t\t\taria-label=\"Enlarge\"\n\t\t\tdata-wp-init=\"callbacks.initTriggerButton\"\n\t\t\tdata-wp-on--click=\"actions.showLightbox\"\n\t\t\tdata-wp-style--right=\"state.imageButtonRight\"\n\t\t\tdata-wp-style--top=\"state.imageButtonTop\"\n\t\t>\n\t\t\t<svg xmlns=\"http:\/\/www.w3.org\/2000\/svg\" width=\"12\" height=\"12\" fill=\"none\" viewBox=\"0 0 12 12\">\n\t\t\t\t<path fill=\"#fff\" d=\"M2 0a2 2 0 0 0-2 2v2h1.5V2a.5.5 0 0 1 .5-.5h2V0H2Zm2 10.5H2a.5.5 0 0 1-.5-.5V8H0v2a2 2 0 0 0 2 2h2v-1.5ZM8 12v-1.5h2a.5.5 0 0 0 .5-.5V8H12v2a2 2 0 0 1-2 2H8Zm2-12a2 2 0 0 1 2 2v2h-1.5V2a.5.5 0 0 0-.5-.5H8V0h2Z\" \/>\n\t\t\t<\/svg>\n\t\t<\/button><figcaption class=\"wp-element-caption\">Les cr\u00e9ateurs de la David G Simons Academy sont des pionniers du Dry Needling et dispensent des cours sur le Dry Needling dans le monde entier depuis 1995.\u00a0Au d\u00e9but des ann\u00e9es 1990, les kin\u00e9sith\u00e9rapeutes Christian Gr\u00f6bli et Ricky Weissmann, en compagnie du m\u00e9decin rhumatologue Fernando Colla, ont d\u00e9velopp\u00e9 une approche syst\u00e9matique des points trigger \u00e0 l\u2019aide du Dry Needling. Cette approche repose \u00e0 la fois sur le concept de points trigger myofasciaux de Simons et Travell et sur notre exp\u00e9rience de l\u2019approche dite \u00ab suisse \u00bb, une forme de th\u00e9rapie manuelle des points trigger propos\u00e9e par le m\u00e9decin rhumatologue suisse Beat Dejung.\u00a0<br>Depuis sa cr\u00e9ation, DGSA\u00ae a form\u00e9 des dizaines de milliers d\u2019\u00e9tudiants au Dry Needling dans une douzaine de pays et plus de 10 langues. Nous avons \u00e9galement obtenu le statut de leader international pour nos normes \u00e9lev\u00e9es et nos techniques p\u00e9dagogiques.\u00a0<\/figcaption><\/figure>\n<\/div>\n\n\n<div class=\"wp-block-columns is-layout-flex wp-container-core-columns-is-layout-9d6595d7 wp-block-columns-is-layout-flex\">\n<div class=\"wp-block-column is-layout-flow wp-block-column-is-layout-flow\"><div class=\"wp-block-image\">\n<figure data-wp-context=\"{&quot;imageId&quot;:&quot;69ddc5088b10a&quot;}\" data-wp-interactive=\"core\/image\" data-wp-key=\"69ddc5088b10a\" class=\"aligncenter size-large is-resized wp-lightbox-container\"><img loading=\"lazy\" decoding=\"async\" width=\"1021\" height=\"1024\" data-wp-class--hide=\"state.isContentHidden\" data-wp-class--show=\"state.isContentVisible\" data-wp-init=\"callbacks.setButtonStyles\" data-wp-on--click=\"actions.showLightbox\" data-wp-on--load=\"callbacks.setButtonStyles\" data-wp-on-window--resize=\"callbacks.setButtonStyles\" src=\"https:\/\/art-medical.fr\/wp-content\/uploads\/2023\/11\/zones-irradiations-1021x1024.jpg\" alt=\"\" class=\"wp-image-496\" style=\"width:824px;height:auto\" srcset=\"https:\/\/art-medical.fr\/wp-content\/uploads\/2023\/11\/zones-irradiations-1021x1024.jpg 1021w, https:\/\/art-medical.fr\/wp-content\/uploads\/2023\/11\/zones-irradiations-300x300.jpg 300w, https:\/\/art-medical.fr\/wp-content\/uploads\/2023\/11\/zones-irradiations-150x150.jpg 150w, https:\/\/art-medical.fr\/wp-content\/uploads\/2023\/11\/zones-irradiations-768x771.jpg 768w, https:\/\/art-medical.fr\/wp-content\/uploads\/2023\/11\/zones-irradiations-1531x1536.jpg 1531w, https:\/\/art-medical.fr\/wp-content\/uploads\/2023\/11\/zones-irradiations-2041x2048.jpg 2041w\" sizes=\"auto, (max-width: 1021px) 100vw, 1021px\" \/><button\n\t\t\tclass=\"lightbox-trigger\"\n\t\t\ttype=\"button\"\n\t\t\taria-haspopup=\"dialog\"\n\t\t\taria-label=\"Enlarge\"\n\t\t\tdata-wp-init=\"callbacks.initTriggerButton\"\n\t\t\tdata-wp-on--click=\"actions.showLightbox\"\n\t\t\tdata-wp-style--right=\"state.imageButtonRight\"\n\t\t\tdata-wp-style--top=\"state.imageButtonTop\"\n\t\t>\n\t\t\t<svg xmlns=\"http:\/\/www.w3.org\/2000\/svg\" width=\"12\" height=\"12\" fill=\"none\" viewBox=\"0 0 12 12\">\n\t\t\t\t<path fill=\"#fff\" d=\"M2 0a2 2 0 0 0-2 2v2h1.5V2a.5.5 0 0 1 .5-.5h2V0H2Zm2 10.5H2a.5.5 0 0 1-.5-.5V8H0v2a2 2 0 0 0 2 2h2v-1.5ZM8 12v-1.5h2a.5.5 0 0 0 .5-.5V8H12v2a2 2 0 0 1-2 2H8Zm2-12a2 2 0 0 1 2 2v2h-1.5V2a.5.5 0 0 0-.5-.5H8V0h2Z\" \/>\n\t\t\t<\/svg>\n\t\t<\/button><figcaption class=\"wp-element-caption\">Exemples de repr\u00e9sentation des points trigger.<\/figcaption><\/figure>\n<\/div><\/div>\n<\/div>\n\n\n\n<div class=\"wp-block-columns is-layout-flex wp-container-core-columns-is-layout-9d6595d7 wp-block-columns-is-layout-flex\">\n<div class=\"wp-block-column is-layout-flow wp-block-column-is-layout-flow\">\n<p class=\"has-text-align-center has-small-font-size\">Depuis 2017, je r\u00e9alise l&#8217;ensemble des illustrations destin\u00e9es aux supports de formations de la David G. Simons Academy.<\/p>\n<\/div>\n<\/div>\n\n\n\n<div class=\"wp-block-columns is-layout-flex wp-container-core-columns-is-layout-9d6595d7 wp-block-columns-is-layout-flex\">\n<div class=\"wp-block-column is-layout-flow wp-block-column-is-layout-flow\">\n<figure class=\"wp-block-image size-full is-resized\"><img loading=\"lazy\" decoding=\"async\" width=\"787\" height=\"801\" src=\"https:\/\/art-medical.fr\/wp-content\/uploads\/2023\/11\/Tete.jpg\" alt=\"\" class=\"wp-image-518\" style=\"width:365px;height:auto\" srcset=\"https:\/\/art-medical.fr\/wp-content\/uploads\/2023\/11\/Tete.jpg 787w, https:\/\/art-medical.fr\/wp-content\/uploads\/2023\/11\/Tete-295x300.jpg 295w, https:\/\/art-medical.fr\/wp-content\/uploads\/2023\/11\/Tete-768x782.jpg 768w\" sizes=\"auto, (max-width: 787px) 100vw, 787px\" \/><\/figure>\n<\/div>\n\n\n\n<div class=\"wp-block-column is-layout-flow wp-block-column-is-layout-flow\">\n<figure class=\"wp-block-image size-large\"><img loading=\"lazy\" decoding=\"async\" width=\"990\" height=\"1024\" src=\"https:\/\/art-medical.fr\/wp-content\/uploads\/2023\/11\/muscles-et-vascularisation-du-cou-1-990x1024.jpg\" alt=\"\" class=\"wp-image-521\" srcset=\"https:\/\/art-medical.fr\/wp-content\/uploads\/2023\/11\/muscles-et-vascularisation-du-cou-1-990x1024.jpg 990w, https:\/\/art-medical.fr\/wp-content\/uploads\/2023\/11\/muscles-et-vascularisation-du-cou-1-290x300.jpg 290w, https:\/\/art-medical.fr\/wp-content\/uploads\/2023\/11\/muscles-et-vascularisation-du-cou-1-768x794.jpg 768w, https:\/\/art-medical.fr\/wp-content\/uploads\/2023\/11\/muscles-et-vascularisation-du-cou-1-1485x1536.jpg 1485w, https:\/\/art-medical.fr\/wp-content\/uploads\/2023\/11\/muscles-et-vascularisation-du-cou-1.jpg 1964w\" sizes=\"auto, (max-width: 990px) 100vw, 990px\" \/><\/figure>\n<\/div>\n\n\n\n<div class=\"wp-block-column is-layout-flow wp-block-column-is-layout-flow\">\n<figure class=\"wp-block-image size-large is-resized\"><img loading=\"lazy\" decoding=\"async\" width=\"781\" height=\"1024\" src=\"https:\/\/art-medical.fr\/wp-content\/uploads\/2023\/11\/muscles-du-cou-781x1024.jpg\" alt=\"\" class=\"wp-image-519\" style=\"width:284px;height:auto\" srcset=\"https:\/\/art-medical.fr\/wp-content\/uploads\/2023\/11\/muscles-du-cou-781x1024.jpg 781w, https:\/\/art-medical.fr\/wp-content\/uploads\/2023\/11\/muscles-du-cou-229x300.jpg 229w, https:\/\/art-medical.fr\/wp-content\/uploads\/2023\/11\/muscles-du-cou-768x1007.jpg 768w, https:\/\/art-medical.fr\/wp-content\/uploads\/2023\/11\/muscles-du-cou-1171x1536.jpg 1171w, https:\/\/art-medical.fr\/wp-content\/uploads\/2023\/11\/muscles-du-cou.jpg 1352w\" sizes=\"auto, (max-width: 781px) 100vw, 781px\" \/><\/figure>\n<\/div>\n<\/div>\n\n\n\n<div class=\"wp-block-columns is-layout-flex wp-container-core-columns-is-layout-9d6595d7 wp-block-columns-is-layout-flex\">\n<div class=\"wp-block-column is-layout-flow wp-block-column-is-layout-flow\"><div class=\"wp-block-image\">\n<figure class=\"aligncenter size-full\"><a href=\"https:\/\/www.dgs-academy.com\/fr\/\"><img loading=\"lazy\" decoding=\"async\" width=\"225\" height=\"225\" src=\"https:\/\/art-medical.fr\/wp-content\/uploads\/2023\/11\/telechargement.png\" alt=\"\" class=\"wp-image-522\" srcset=\"https:\/\/art-medical.fr\/wp-content\/uploads\/2023\/11\/telechargement.png 225w, https:\/\/art-medical.fr\/wp-content\/uploads\/2023\/11\/telechargement-150x150.png 150w\" sizes=\"auto, (max-width: 225px) 100vw, 225px\" \/><\/a><\/figure>\n<\/div><\/div>\n<\/div>\n","protected":false},"excerpt":{"rendered":"<p>Depuis 2017, je r\u00e9alise l&#8217;ensemble des illustrations destin\u00e9es aux supports de formations de la David G. Simons Academy.<\/p>\n","protected":false},"author":1,"featured_media":0,"parent":0,"menu_order":0,"comment_status":"closed","ping_status":"closed","template":"","meta":{"_kad_post_transparent":"","_kad_post_title":"","_kad_post_layout":"","_kad_post_sidebar_id":"","_kad_post_content_style":"","_kad_post_vertical_padding":"","_kad_post_feature":"","_kad_post_feature_position":"","_kad_post_header":false,"_kad_post_footer":false,"_kad_post_classname":"","footnotes":""},"class_list":["post-490","page","type-page","status-publish","hentry"],"_links":{"self":[{"href":"https:\/\/art-medical.fr\/index.php?rest_route=\/wp\/v2\/pages\/490","targetHints":{"allow":["GET"]}}],"collection":[{"href":"https:\/\/art-medical.fr\/index.php?rest_route=\/wp\/v2\/pages"}],"about":[{"href":"https:\/\/art-medical.fr\/index.php?rest_route=\/wp\/v2\/types\/page"}],"author":[{"embeddable":true,"href":"https:\/\/art-medical.fr\/index.php?rest_route=\/wp\/v2\/users\/1"}],"replies":[{"embeddable":true,"href":"https:\/\/art-medical.fr\/index.php?rest_route=%2Fwp%2Fv2%2Fcomments&post=490"}],"version-history":[{"count":5,"href":"https:\/\/art-medical.fr\/index.php?rest_route=\/wp\/v2\/pages\/490\/revisions"}],"predecessor-version":[{"id":523,"href":"https:\/\/art-medical.fr\/index.php?rest_route=\/wp\/v2\/pages\/490\/revisions\/523"}],"wp:attachment":[{"href":"https:\/\/art-medical.fr\/index.php?rest_route=%2Fwp%2Fv2%2Fmedia&parent=490"}],"curies":[{"name":"wp","href":"https:\/\/api.w.org\/{rel}","templated":true}]}}